{"id":23,"date":"2019-03-15T18:29:11","date_gmt":"2019-03-15T18:29:11","guid":{"rendered":"http:\/\/sites.epss.ucla.edu\/jweygand\/?page_id=23"},"modified":"2021-01-14T22:44:38","modified_gmt":"2021-01-14T22:44:38","slug":"eics_na_greenland-html-preview-equivalent-ionospheric-currents-over-north-america-and-greenland","status":"publish","type":"page","link":"https:\/\/sites.epss.ucla.edu\/jweygand\/eics_na_greenland-html-preview-equivalent-ionospheric-currents-over-north-america-and-greenland\/","title":{"rendered":"Spherical Elementary Currents over North America and Greenland"},"content":{"rendered":"\n<p>Curator: James Weygand <br>\nInstitute of Geophysics and Planetary Physics, UCLA<br>\nPhone: (310) 825-3547<br>\nE-mail: jweygand(at)igpp.ucla.edu<\/p>\n\n\n\n<h2 class=\"wp-block-heading\">News:<\/h2>\n\n\n\n<p>Matlab programs are available to combine the spherical elementary currents  with vertical total electron content measurements, SuperDARN flows, THEMIS  all sky images, and AMPERE data. <\/p>\n\n\n\n<h2 class=\"wp-block-heading\">Data Access<\/h2>\n\n\n\n<p>Contact James Weygand. E-mail above.  <\/p>\n\n\n\n<p>Validated data can be found at the Virtual Magnetospheric Observatory:  Equivalent Currents, Current Amplitudes, and Quicklook plots. Data not yet at the VMO has not been validated and is available upon request.<\/p>\n\n\n\n<h2 class=\"wp-block-heading\">Key References:<\/h2>\n\n\n\n<p>\u2022Amm, O., and A. Viljanen, Ionospheric disturbance magnetic field continuation  from the ground to the ionosphere using spherical elementary current systems,  Earth Planets Space, 51,431-440, 1999. <\/p>\n\n\n\n<p>\u2022Weygand et al., Application and Validation of the Spherical Elementary Currents  Systems Technique for Deriving Ionospheric Equivalent Currents with the North  American and Greenland Ground Magnetometer Arrays, J. Geophys. Res.,  <a href=\"https:\/\/agupubs.onlinelibrary.wiley.com\/doi\/full\/10.1029\/2010JA016177\">115 doi:10.1029\/2010JA016177,<\/a> 2011. <\/p>\n\n\n\n<h2 class=\"wp-block-heading\">The Code:<\/h2>\n\n\n\n<p>The original Matlab code was provide by Dr. Olaf Amm [Amm and Viljanen, 1999].  James Weygand has adapted the code to include ground magnetometer data from AUTUMNX, CANMOS, CARISMA, Falcon, GIMA, Greenland, MACCS, STEP, USGS, McMAC, and THEMIS.<\/p>\n\n\n\n<h2 class=\"wp-block-heading\">The Data<\/h2>\n\n\n\n<p>Inputs: Nearly all the data was obtained from: AUTUMNX, CANMOS, CARISMA, GIMA, DTU (Greenland), MACCS,  McMAC, THEMIS, STEP, and USGS. Some data was obtained directly from the PIs. <\/p>\n\n\n\n<p>Outputs: Equivalent ionospheric currents over most parts of Canada, Alaska,  until the Greenland coast (roughly corresponding to an area of about 40 degrees  latitude and 120 degrees longitude)&#8221;<\/p>\n\n\n\n<h2 class=\"wp-block-heading\">Equivalent Ionospheric Current Data Availability<\/h2>\n\n\n\n<table border=\"2\">\n   <tbody><tr>\n\t\t\t<td><b>Arrays Involved    <\/b> <\/td>\n\t\t\t<td><b>Interval (YYYY\/MM\/DD to YYYY\/MM\/DD)<\/b> <\/td>\n   <\/tr>\n\t<tr>\n\t\t\t<td>  AUTUMNX, CANMOS, CARISMA, <br> GIMA, DTU, McMac, <br> MACCS, THEMIS, <br> USGS, AUTUMN, <br>\n\t\t\t\tand STEP  <\/td>\n\t\t\t<td>  2007\/01\/01 to  2020\/11\/30 <\/td>\n\t<\/tr>\n<\/tbody><\/table>\n\n\n\n<h2 class=\"wp-block-heading\">Example Event<\/h2>\n\n\n\n<TABLE BORDER=\"2\">\n   <TR>\n\t\t\t<TD><B>Equivalent Ionospheric Currents   <\/B> <\/TD>\n   <\/TR>\n\t<TR>\n\t\t\t<TD> <a href='https:\/\/sites.epss.ucla.edu\/jweygand\/wp-content\/uploads\/sites\/14\/2019\/03\/ThemisEIC20080216_024700.gif'><IMG SRC=\"https:\/\/sites.epss.ucla.edu\/jweygand\/wp-content\/uploads\/sites\/14\/2019\/03\/ThemisEIC20080216_024700.gif\" width=\"80%\">  <\/a> <\/TD>\n\t<\/TR>\n\t <TR>\n\t\t\t<TD><B>Scaling factors of spherical elementary currents systems (proportional \nto FAC for uniform conductances)<\/B> <\/TD>\n   <\/TR>\n\t<TR>\n\t\t\t<TD> <a href='http:\/\/sites.epss.ucla.edu\/jweygand\/wp-content\/uploads\/sites\/14\/2019\/03\/ThemisSEC20080216_024700.gif'><IMG SRC=\"http:\/\/sites.epss.ucla.edu\/jweygand\/wp-content\/uploads\/sites\/14\/2019\/03\/ThemisSEC20080216_024700.gif\" width=\"80%\"><\/a>   <\/TD>\n\t<\/TR>\n<\/TABLE>\n\n\n\n<figure class=\"wp-block-video\"><\/figure>\n\n\n\n<h2 class=\"wp-block-heading\">Acknowledgments<\/h2>\n\n\n\n<p>CANMOS and CARISMA: These data were obtained from the Canadaian Space Science Data Portal. <br> The Canadian Space Science Data Portal is funded in part by the Canadian Space Agency (CSA),  the Alberta Science and Research Authority (ASRA), and the University of Alberta (UofA). <\/p>\n\n\n\n<p> Also see <a href=\"http:\/\/portal.cssdp.ca:8080\/ssdp\/static_content\/ssdp\/rules.html\">CARISMA rules of the road<\/a>. <\/p>\n\n\n\n<p>CANMOS data were obtained by the Canadian Magnetic Observatory Network (CANMON),  maintained and operated by the Geological Survey of Canada, provided the data used in this study &#8211; <a href=\"http:\/\/gsc.nrcan.gc.ca\/geomag\">http:\/\/gsc.nrcan.gc.ca\/geomag<\/a>. <\/p>\n\n\n\n<p>GIMA: acknowledge the Geophysical Institute, University of Alaska Fairbanks.<\/p>\n\n\n\n<p>Greenland: acknowledge the Technical University of Denmark (DTU).<\/p>\n\n\n\n<p>MACCS: Magnetometer Array for Cusp and Cleft Studies (MACCS) array is <br>\nsupported by US National Science Foundation grant ATM-0827903 to Augsburg College. <br>\nWe would like to would like to thank the following: <br>\nM. J. Engebretson, D. Murr, and E.S. Steinmetz at Augsburg College and the MACCS team.<\/p>\n\n\n\n<p>THEMIS: see <a href=\"http:\/\/themis.ssl.berkeley.edu\/beta\/roadrules.shtml\">THEMIS rules of the road<\/a>.<\/p>\n\n\n\n<p>STEP: STEP magnetometer file storage is at Department of Earth and Planetary Physics,<br>\nThe University of Tokyo and maintained by Dr. Kanji Hayashi (hayashi.AT.grl.s.u-tokyo.ac.jp)<\/p>\n\n\n\n<p>McMAC: The McMAC Project is sponsored by the Magnetospheric Physics Program of <br>\nNational Science Foundation and maintained by Dr. Peter Chi (pchi AT igpp.ucla.edu)<\/p>\n\n\n\n<p>USGS: The USGS Geomagnetism Program <\/p>\n\n\n\n<h2 class=\"wp-block-heading\">Publications:<\/h2>\n\n\n\n<p>\u2022Keiling, A., V. Angelopoulos, A. Runov, J. Weygand, S.V. Apatenkov, S. Mende, J. McFadden, D. Larson, O. Amm, K.-H. Glassmeier, and H.U. Auster, Substorm current wedge driven by plasma flow vortices: THEMIS observations, J. Geophys. Res., 114, A00C22, doi:10.1029\/2009JA014114, 2009.<\/p>\n\n\n\n<p>\u2022Frey, H.U., O. Amm, C.C. Chaston, S. Fu, G. Haerendel, L. Juusola, T. Karlsson, B. Lanchester, R. Nakamura, N. Ostgaard, T. Sakanoi, E. Seran , D. Whiter, J. Weygand, K. Asamura, and M. Hirahara, Small and meso-scale properties of a substorm onset auroral arc, J. Geophys. Res., 115, A10209, doi:10.1029\/ 2010JA015537, 2010.<\/p>\n\n\n\n<p>\u2022Weygand et al., Application and Validation of the Spherical Elementary Currents Systems Technique for Deriving Ionospheric Equivalent Currents with the North American and Greenland Ground Magnetometer Arrays, J. Geophys. Res.,<br>\n115 doi:10.1029\/2010JA016177, 2011. <\/p>\n\n\n\n<p>\u2022Keiling, A., V. Angelopoulos, J.M. Weygand, O. Amm, E. Spanswick, E. Donovan, S. Mende, J. McFadden, D. Larson, K.-H. Glassmeier, and H.U. Auster, THEMIS ground-space observations during the development of auroral spirals, Ann. Geophys., 27, 4317-4332, 2009.<\/p>\n\n\n\n<p>\u2022Nakamura, R. W. Baumjohann, E. Panov, A. A. Petrukovich, V. Angelopoulos, M. Volwerk, W. Magnes, Y. Nishimura, A. Runov,<br>\nC.T. Russell, J.M. Weygand, O. Amm, H.-U. Auster, J. Bonnell, H. Frey, D. Larson, and J. McFadden, Flux transport, dipolarization and current sheet evolution during a doubleonset substorm, J. Geophys. Res., 116, A00136, doi:10.1029\/2010JA015865, 2011.<\/p>\n\n\n\n<p>\u2022Partamies, N., L. Juusola, E. Tanskanen, K. Kauristie, and J.M. Weygand, Substorms during different storm phases, Ann. Geophys., 29, 2031-2043, 2011.<\/p>\n\n\n\n<p>\u2022Yang, J., F. Toffoletto, R. Wolf, S. Sazykin, P. Ontiveros, and J.M. Weygand, Large-scale current systems and ground magnetic disturbance during deep substorm injections, J. Geophys. Res., 117, A4, doi:10.1029\/2011JA017415, 2012.<\/p>\n\n\n\n<p>\u2022Jiang, F., R.J. Strangeway, M.G. Kivelson, J.M. Weygand, R.J. Walker, K.K. Khurana, Y. Nishimura, V. Angelopoulos, E. Donovan, In-situ observations of the preexisting auroral arc by THEMIS All Sky Imagers and the FAST spacecraft, J. Geophys. Res., 117, A05211, doi:10.1029\/ 2011JA017128, 2011. <\/p>\n\n\n\n<p>\u2022Weygand, J.M., O. Amm, V. Angelopoulos, S.E. Milan, A. Grocott, H. Gleisner, C. Stolle, Comparison Between SuperDARN Flow Vectors and Equivalent Ionospheric Currents from Ground Magnetometer Arrays, J. Geophys. Res., 117, A05325, doi:10.1029\/2011JA017407, 2012.<\/p>\n\n\n\n<p>\u2022Haerendel, G., H. U. Frey, C. C. Chaston, O. Amm, L. Juusola, R. Nakamura, E. Seran, and J.M. Weygand, Birth and Life of Auroral Arcs Embedded in the Evening Auroral Oval Convection: A Critical Comparison of Observations with Theory, J. Geophys. Res., 117, A12220, doi:10.1029\/2012JA018128, 2012. <\/p>\n\n\n\n<p>\u2022Nakamura, R., W. Baumjohann, E. Panov, M. Volwerk, J. Birn, A. Artemyev, A.A. Petrukovich, O. Amm, L. Juusola, M.G. Kubyshkina, V.A. Sergeev, S. Apatenkov, E. Kronberg, P. Daly, A. Fazakerley, Y. Khotyaintsev, M. Fillingim, J. M. Weygand, Flow bouncing and electron injection observed by Cluster, J. Geophys. Res., 118, 2055-2072, doi:10.1002\/jgra.50134, 2013. <\/p>\n\n\n\n<p>\u2022Shi, Q., M. Hartinger, V. Angelopoulos, Q.-G. Zong, X.-Z. Zhou, X. Zhou, A. Kellerman, A. Tian, J.M. Weygand, S. Fu, Zuyin Pu, J. Raeder, Y. Ge, Y. Wang, H. Zhang, Z. Yao, THEMIS observations of ULF wave excitation in the nightside plasma sheet during sudden impulse events, J. Geophys. Res., 118, 284-298, doi:10.1029\/2012JA017984, 2012.<\/p>\n\n\n\n<p>\u2022Archer, M. O., T. S. Horbury, J. P. Eastwood, J. M. Weygand, and T. K. Yeoman, Magnetospheric response to magnetosheath pressure pulses: A low-pass filter effect, J. Geophys. Res., 118, doi:10.1002\/jgra.50519, 2013.<\/p>\n\n\n\n<p>\u2022Panov E. V., W. Baumjohann, R. Nakamura, O. Amm, M. V. Kubyshkina, K.-H. Glassmeier, J. M. Weygand, V. Angelopoulos, A. A. Petrukovich, and V. A. Sergeev, Ionospheric response to oscillatory flow braking in the magnetotail, J. Geophys. Res., 118, 1529-1544, doi:10.1002\/jgra.50190, 2013.<\/p>\n\n\n\n<p>\u2022Amosova, M. O. Amm, J. Norberg, J. Semeter, J.M. Weygand, Electron density spatial correlation at F-layer: Preliminary results from PFISR, XXVI Geofysiikan P\u00e4iv\u00e4t, edited by T. Veikkolainen, K. Suhonen, J. N\u00e4r\u00e4nen, T. Korja, K. Kauristie, and S. Kaasalainen, Geophysical Society of Finland, 19-22, 2013. <\/p>\n\n\n\n<p>\u2022Shi,Q.Q., M.D. Hartinger, V. Angelopoulos, A.M. Tian, S.Y. Fu, Q.-G. Zong, J.M. Weygand, J. Raeder, Z.Y. Pu, X.Z. Zhou, M.W. Dunlop, W.L. Liu, H. Zhang, Z.H. Yao, and X.C. Shen, Solar wind pressure pulse-driven magnetospheric vortices and their global consequences, J. Geophys. Res., 119, 4274-4280, doi:10.1002\/2013JA019551, 2014.<\/p>\n\n\n\n<p>\u2022Zhao, H.Y., X.C. Shen, B.B. Tang, A.M. Tian, Q.Q. Shi, J.M. Weygand, Z.H. Yao, Q.-G. Zong, S.Y. Fu, S.T. Yao,<br>\nT. Xiao, and Z.Y. Pu, Magnetospheric vortices and their global effect after a solar wind dynamic pressure decrease, J. Geophys. Res., 120,doi:10.1002\/2015JA021646, 2015.<\/p>\n\n\n\n<p>\u2022Weygand, J.M., M.G. Kivelson, V. Angelopoulos, H.U. Frey, J.V. Rodriguez, R. Redmon, J. Barker-Tvedtnes, A. Grocott, O. Amm, and X. Xing, An interpretation of spacecraft and ground based observations of multiple omega bands events, JASTP, 133, 185-204, 2015.<\/p>\n\n\n\n<p>\u2022Weygand, J.M., and S. Wing, Comparison of DMSP and SECS region-1 and region-2 ionospheric current boundary, JASTP, 143, 8-13, 2016.<\/p>\n\n\n\n<p>\u2022Panov, E., W. Baumjohann, R. Wolf, R. Nakamura, V. Angelopoulos, J.M. Weygand, and M. Kubyshkina, Magnetotail energy dissipation during an auroral substorm, Nature Physics, 2016. <\/p>\n\n\n\n<p>\u2022Lyons, L.R., B. Gallardo-Lacourt, S. Zou, J.M. Weygand, Y. Nishimura, W. Li, M. Gkioulidou, V. Angelopoulos, E.F. Donovan, J.M. Ruohoniemi, N. Nishitani, The March 17, 2013 Storm: Synergy of observation related to electric field modes and their ionospheric and magnetospheric effects, J. Geophys. Res., 121, doi:10.1002\/2016JA023237, 2016.<\/p>\n\n\n\n<p>\u2022Carter, B.A., E. Yizengaw, R. Pradipta, J.M. Weygand, M. Piersant, A. Pulkkinen, M. Moldwin, R. Norman, and K. Zhang Geomagnetically inducaed currents around the world during 2015 St. Patrick\u2019s day storm, submitted to J. Geophys. Res., 121, doi:10.1002\/2016JA023344, 2016. <\/p>\n\n\n\n<p>\u2022Prikryl, P. R. Ghoddousi-Fard, M. Connors, J.M. Weygand, A. Viljanen, D.W. Danskin, T. Jayachandran, K.S Jacobson, Y.L. Andalsvik, E.G. Thomas, J.M. Rouhoiemi, T. Durgonics, K. Oksavik, Y. Zhang, E Spanswik, M. Aquino, and V. Sreeja, GPS phase scintillation at high -latitudes during the geomagnetic storm of March 17-18, 2015, J. Geophys. Res., 121, doi:10.1002\/2016JA023171, 2016.<\/p>\n\n\n\n<p>\u2022Prikryl, P., R. Ghoddousi-Fard, A. Viljanen, J.M. Weygand, B.S.R. Kunduri, E.G. Thomas, J.M. Ruohoniemi, M. Connors, D.W. Danskin, P.T. Jayachandran, K.S. Jacobsen, Y.L. Andalsvik, T. Durgonics, K. Oksavik, Y. Zhang, E. Spanswick, M. V. Sreeja, M. Aquino, P.J. Cilliers, G. Li, B. Ning, C.N. Mitchell, L. Spogli, M. Terkildsen, A.T. Weatherwax, GPS phase scintillation and auroral electrojet currents during geomagnetic storms of March 17, 2013 and 2015, XXXII International Union of Radio Science General Essembly and Scientific Symposium proceedings, 2017.<\/p>\n\n\n\n<p>\u2022Ngwira C. M., Sibeck, D., Silveira, M. D. V., Georgiou, M., Weygand, J. M., Nishimura, Y., and D. Hampton, A study of intense local dB?dt variations during two geomagnetic storms. Space Weather, 16, 676\u2013693. https:\/\/doi.org\/10.1029\/2018SW001911, 2018. \u2022Angelopoulos, V., et al., The Space Physics Environment Data Analysis System (SPEDAS), subbmitted. 2018.<\/p>\n\n\n\n<p>\u2022Zhao, H., X.Z. Zhou, Q.G. Zong, <strong>J.M. Weygand<\/strong>, Q.\u00a0 Shi, Y. Liu, Z. Yao, Y. Wang, X.-C. Shen, J. Ren, H.\u00a0 Liu, and A. Tian, Small-Scale Aurora Associated With Magnetospheric Flow Vortices After a Solar Wind Dynamic Pressure Decrease. <em>Journal of Geophysical Research Space Physics<\/em>, 124(5), 3303-3311, 2019.<\/p>\n\n\n\n<p>\u2022Engebretson, M.J., V.A. Pilipenko, L.Y. Ahmed, J.L. Posch,\u00a0 E.S. Steinmetz, M.B. Moldwin, M. G. Connors, <strong>J.M. Weygand<\/strong>, I.R. Mann, D.H. Boteler, C.T. Russell, and A.V. Vorobev, Nighttime magnetic perturbation events observed in Arctic Canada: 1. Survey and statistical analysis. <em>Journal of Geophysical Research: Space Physics<\/em>, 124(9), 7442-7458, 2019.<\/p>\n\n\n\n<p>\u2022Engebretson, M.J., E.S. Steinmetz, J.L. Posch, V.A. Pilipenko,\u00a0 M.B. Moldwin, M.G. Connors, D.H. Boteler, I.R. Mann, M.D.\u00a0 Hartinger, <strong>J.M. Weygand<\/strong>, L.R. Lyons, Y. Nishimura, H.J. Singer, S. Ohtani, C.T. Russell, A. Fazakerley, and L.M. Kistler, Nighttime magnetic perturbation events observed in Arctic Canada: 2. Multiple-instrument observations, <em>Journal of Geophysical Research: Space Physics<\/em>, 124(9), 7459-7476, 2019.<\/p>\n\n\n\n<p>\u2022Panov, E.V., W. Baumjohann, R. Nakamura, <strong>J.M. Weygand<\/strong>,\u00a0 B.L. Giles, C.T. Russell, G. Reeves M.V. Kubyshkina, Continent- Wide R1\/R2 Current System and Ohmic Losses by Broad Dipolarization-Injection Fronts. <em>Journal of Geophysical Research: Space Physics<\/em>, 124(6), 4064-4082, 2019.<\/p>\n\n\n\n<p>\u2022<strong>Weygand, J.M<\/strong>. and S. Wing, Temporal and Spatial Development\u00a0 of TEC Enhancements during Substorms, <em>Journal of\u00a0 Geophysical Research: Space Physics<\/em>, doi:10.1029\/2019JA026985, 2020.<\/p>\n\n\n\n<p>\u2022Nishimura, Y., L.R. Lyons, C. Gabrielse, N. Sivadas, E.F. Donovan, R.H. Varney, V. Angelopoulos, <strong>J.M. Weygand<\/strong>, M.G. Conde, and R. Zhang, Extreme magnetosphere-ionosphere thermosphere responses to the 5 April 2010 super substorm. <em>Journal of Geophysical Research<\/em>: Space Physics, doi:10.1029\/2019JA027654, 2020.<\/p>\n\n\n\n<p>\u2022Nishimura, T., J. Yang, <strong>J.M. Weygand<\/strong>, W. Wang, B. Kosar, E F. Donovan, V. Angelopoulos, L. Paxton, and N. Nishitani, Magnetospheric conditions for STEVE and SAID: Particle injection, substorm surge and field-aligned currents, submitted to the <em>Journal of Geophysical Research \u2013 Space Physics<\/em>, 2020, e2020JA027782.<\/p>\n\n\n\n<p>\u2022Nishimura, T.,\u00a0 L.R. Lyons, C. Gabrielse, <strong>J.M. Weygand<\/strong>, E. F. Donovan, and V. Angelopoulos, Dawn-dusk scale size of the substorm current wedge: Large-scale vs. localized multiple wedges, <em>Earth, Planets and Space<\/em>, <em>72<\/em>(1), 1-10, 2020.<\/p>\n\n\n\n<p>\u2022Chu, X., R.L. McPherron, T.-S. Hsu, V. Angelopoulos, <strong>J.M. Weygand<\/strong>, J. Liu, and J. Bortnik, Magnetotail flux accumulation leads to substorm current wedge: a case study,  <em>Journal of Geophysical Research \u2013 Space Physics,<\/em> e2020JA028342, 2020.<\/p>\n\n\n\n<p>\u2022Prikryl, P., <strong>J.M. Weygand<\/strong>, R. Ghoddousi-Fard, P.T. Jayachandran, D.R Themens,\u00a0 A.M. McCaffrey, B.S.R. Kunduri, and L. Nikitina, Temporal and spatial variations of GPS TEC and phase during auroral substorms and breakups, submitted to <em>Polar Science<\/em>, 2020.<\/p>\n","protected":false},"excerpt":{"rendered":"<p>Curator: James Weygand Institute of Geophysics and Planetary Physics, UCLA Phone: (310) 825-3547 E-mail: jweygand(at)igpp.ucla.edu News: Matlab programs are available to combine the spherical elementary currents with vertical total electron content measurements, SuperDARN flows, THEMIS all sky images, and AMPERE data. Data Access Contact James Weygand. E-mail above. Validated data can be found at the [&hellip;]<\/p>\n","protected":false},"author":1,"featured_media":0,"parent":0,"menu_order":0,"comment_status":"closed","ping_status":"closed","template":"","meta":{"footnotes":""},"class_list":["post-23","page","type-page","status-publish","hentry"],"_links":{"self":[{"href":"https:\/\/sites.epss.ucla.edu\/jweygand\/wp-json\/wp\/v2\/pages\/23","targetHints":{"allow":["GET"]}}],"collection":[{"href":"https:\/\/sites.epss.ucla.edu\/jweygand\/wp-json\/wp\/v2\/pages"}],"about":[{"href":"https:\/\/sites.epss.ucla.edu\/jweygand\/wp-json\/wp\/v2\/types\/page"}],"author":[{"embeddable":true,"href":"https:\/\/sites.epss.ucla.edu\/jweygand\/wp-json\/wp\/v2\/users\/1"}],"replies":[{"embeddable":true,"href":"https:\/\/sites.epss.ucla.edu\/jweygand\/wp-json\/wp\/v2\/comments?post=23"}],"version-history":[{"count":13,"href":"https:\/\/sites.epss.ucla.edu\/jweygand\/wp-json\/wp\/v2\/pages\/23\/revisions"}],"predecessor-version":[{"id":39,"href":"https:\/\/sites.epss.ucla.edu\/jweygand\/wp-json\/wp\/v2\/pages\/23\/revisions\/39"}],"wp:attachment":[{"href":"https:\/\/sites.epss.ucla.edu\/jweygand\/wp-json\/wp\/v2\/media?parent=23"}],"curies":[{"name":"wp","href":"https:\/\/api.w.org\/{rel}","templated":true}]}}